{"id":19,"date":"2023-11-25T14:05:01","date_gmt":"2023-11-25T14:05:01","guid":{"rendered":"http:\/\/prof.annaczarna.pl\/?page_id=19"},"modified":"2025-11-17T14:45:33","modified_gmt":"2025-11-17T14:45:33","slug":"grants-awards","status":"publish","type":"page","link":"https:\/\/www.annaczarna.pl\/index.php\/grants-awards\/","title":{"rendered":"grants &amp; awards"},"content":{"rendered":"\n<p>Nov 15th, 2025 \u2013<strong>&nbsp;the 3rd Degree Team Jagiellonian University Rector\u2019s Award&nbsp;<\/strong>for academic achievement in 2024<\/p>\n\n\n\n<p>Oct 20th, 2025 \u2013 <a href=\"https:\/\/en.wikipedia.org\/wiki\/Medal_for_Long_Service\" data-type=\"link\" data-id=\"https:\/\/en.wikipedia.org\/wiki\/Medal_for_Long_Service\">Bronze Medal for Long Service to Jagiellonian University<\/a><\/p>\n\n\n\n<p>Nov 15th, 2024 \u2013<strong>&nbsp;the 3rd Degree Team Jagiellonian University Rector\u2019s Award&nbsp;<\/strong>for academic achievement in 2023<\/p>\n\n\n\n<p>Jul 1st, 2024 \u2013 Jun 30, 2028 <strong>\u2013<strong>\u00a0National Science Centre OPUS grant\u00a0<\/strong><\/strong><em>Narcissism in close interpersonal relationships<\/em>, principal investigator: Anna Czarna<\/p>\n\n\n\n<p>Apr 1st, 2024 \u2013 Mar 31st, 2025 <strong>\u2013<\/strong> The National Component of the Bekker scholarship program from&nbsp;Polish <a href=\"https:\/\/nawa.gov.pl\/en\/\" data-type=\"link\" data-id=\"https:\/\/nawa.gov.pl\/en\/\"><strong>National Agency for Academic&nbsp;Exchange&nbsp;(NAWA)<\/strong><\/a>; 1-year scholarship at Jagiellonian University in Krakow, Poland<\/p>\n\n\n\n<p>Nov 15, 2023 \u2013<strong>&nbsp;the 3rd Degree Team Jagiellonian University Rector\u2019s Award&nbsp;<\/strong>for academic achievement in 2022<\/p>\n\n\n\n<p>Sept 2022 \u2013&nbsp;<strong>Best Poster Award from Polish Society of Social Psychology (PSPS)<\/strong>&nbsp;for the poster&nbsp;<em>Czy diabe\u0142 ubiera si\u0119 u Prady? Konsumpcja luksusu i ciemna triada osobowo\u015bci&nbsp;<\/em>(authors: Wiktor Razmus, Anna Czarna, Pawe\u0142 Fortuna), 17th convention of Polish Society of Social Psychology, Sept 15-18, 2022, Gda\u0144sk, Poland<\/p>\n\n\n\n<p>Jan 2021 \u2013&nbsp;<strong>Bekker scholarship<\/strong>&nbsp;from&nbsp;<a href=\"https:\/\/nawa.gov.pl\/en\/\">&nbsp;<strong>Polish National Agency for Academic&nbsp;Exchange&nbsp;(NAWA)<\/strong><\/a><\/p>\n\n\n\n<p>Nov 15, 2020 \u2013<strong>&nbsp;the 3rd Degree Team Jagiellonian University Rector\u2019s Award&nbsp;<\/strong>for academic achievement in 2019<\/p>\n\n\n\n<p>Feb 2020 \u2013&nbsp;<a href=\"https:\/\/www.thekf.org\/kf\/\"><strong>The Ko\u015bciuszko Foundation<\/strong><\/a>&nbsp;<strong>visiting scholarship&nbsp;<\/strong>\u2013 completed between April and September 2021 in collaboration with&nbsp;<a href=\"https:\/\/couples.hosting.nyu.edu\/member.html#\">Prof. Patrick Shrout<\/a>&nbsp;at New York University Couples Lab<\/p>\n\n\n\n<p>Oct 1, 2019 \u2013&nbsp;<strong>the 3rd Degree Team Award of Jagiellonian University Rector&nbsp;<\/strong>for academic achievement in 2018<\/p>\n\n\n\n<p>Sept 22, 2019 \u2013<strong>&nbsp;Robert Zajonc Award<\/strong>&nbsp;for publications by a young researcher (up to 7 years post-doctorate) in social and personality psychology, from Polish Society of Social Psychology (PSPS)<\/p>\n\n\n\n<p>Dec 2, 2019 \u2013 Dec 1, 2022&nbsp;<strong>SONATA BIS research grant&nbsp;<\/strong>funded&nbsp;<strong>by Polish National Science Centre (NCN).<\/strong>&nbsp;Principal investigator: Anna Czarna.<\/p>\n\n\n\n<p>Apr 3, 2018 \u2013 Apr 2, 2022&nbsp;<strong>BEETHOVEN research grant&nbsp;<\/strong>funded together&nbsp;<strong>by Polish National Science Centre (NCN) and German Deutsche Forschungsgemeinschaft (DFG),<\/strong>&nbsp;principal investigators: Anna Czarna (Polish part) and&nbsp;<a href=\"http:\/\/www.uni-leipzig.de\/~diffdiag\/pppd\/?page_id=2539\">Michael Dufner<\/a>&nbsp;(German part)<\/p>\n\n\n\n<p>Nov 15, 2017 \u2013<strong>&nbsp;the 1st Degree Individual Jagiellonian University Rector\u2019s Award&nbsp;<\/strong>for academic achievement in 2016<\/p>\n\n\n\n<p>Nov 15, 2017 \u2013<strong>&nbsp;the 3rd Degree Team Jagiellonian University Rector\u2019s Award&nbsp;<\/strong>for academic achievement in 2016<\/p>\n\n\n\n<p>Jun-Jul 2017 \u2013&nbsp;<a href=\"https:\/\/www.icpsr.umich.edu\/icpsrweb\/content\/sumprog\/scholarships\/heitowit.html\"><strong>Henry \u201cHank\u201d Heitowit Scholarship (first scholar)<\/strong><\/a>&nbsp;awarded by Inter-university Consortium for Political and Social Research (ICPSR), University of Michigan, USA<\/p>\n\n\n\n<p>Jul 2016 \u2013<a href=\"https:\/\/eapp.org\/awards\/epc-poster-award\/\"><strong>&nbsp;Best Poster Award from European Association of Personality Psychology (EAPP)<\/strong><\/a>&nbsp;for the presentation<em>&nbsp;Do Narcissism and Emotional Intelligence Win Us Friends? Modeling Dynamics of Peer Popularity Using Inferential Network Analysis<\/em>, 18th European Conference on Personality, Jul 19-23, 2016, Timisoara, Romania<\/p>\n\n\n\n<p>Aug 3, 2016 \u2013 Aug 2, 2019 \u2013<strong>&nbsp;National Science Centre OPUS grant&nbsp;<\/strong><em>Social cognition and interpersonal self-regulation in narcissism<\/em>, principal investigator: Anna Czarna<\/p>\n\n\n\n<p>Apr 15, 2014 \u2013 Apr 14, 2017 \u2013<strong>&nbsp;National Science Centre SONATA grant&nbsp;<\/strong><em>The Dark Triad and moral and economic dilemmas.<\/em>, principal investigator: Anna Czarna<\/p>\n\n\n\n<p>Sept 2014 \u2013 Sept 2015 \u2013&nbsp;<strong>postdoctoral fellowship<\/strong>&nbsp;financed in the framework of SCIEX-NMSch by Rektorenkonferenz der Schweizer Universit\u00e4ten (CRUS), University of Bern, Switzerland<\/p>\n\n\n\n<p>Nov 2013 \u2013 Nov 2015 \u2013&nbsp;<strong>postdoctoral fellowship&nbsp;<\/strong>co-financed by the European Union (the Human Capital Operational Programme) within the SET project at Jagiellonian University<\/p>\n\n\n\n<p>Oct 2012 \u2013 Oct 2013 \u2013&nbsp;<strong>&nbsp;project&nbsp;<\/strong>sponsored by Faculty of Philosophy, Jagiellonian University<\/p>\n\n\n\n<p>Sept 2012 \u2013<strong>&nbsp;Solomon Asch Award<\/strong>&nbsp;for the best paper published by young researcher in 2011 in&nbsp;<em>Psychologia Spo\u0142eczna<\/em><\/p>\n\n\n\n<p>Dec 2011 \u2013 Dec 2014 \u2013<strong>&nbsp;National Science Centre PRELUDIUM grant&nbsp;<\/strong>nr 2011\/01\/N\/HS6\/02273&nbsp;<em>Two types of narcissism: overt and covert \u2013 analysis of differences in chronic self-awareness levels, affect and social functioning.<\/em>, principal investigator: Anna Czarna, supervisor: prof. Andrzej Szmajke<\/p>\n\n\n\n<p>Jun \u2013 Dec 2011 \u2013<strong>&nbsp;University of Wroclaw internal grant<\/strong><em>&nbsp;Dynamics of popularity in peer groups: emotional intelligence, self-esteem and narcissism as predictors of relationship quality on different levels of acquaintance.<\/em>&nbsp;principal investigator: Anna Czarna<\/p>\n\n\n\n<p>Feb \u2013 Aug 2011 \u2013<strong>&nbsp;scholarship<\/strong>&nbsp;from \u201cDevelopment of the potential and educational offer of the University of Wroclaw \u2013 the chance to enhance the competitiveness of the University\u201d from European Social Fund \u2013 The Operational Programme Human Capital<\/p>\n\n\n\n<p>Oct 2010 \u2013 May 2013 \u2013&nbsp;<strong>doctoral dissertation grant&nbsp;<\/strong>from State Committee for Scientific Research (KBN) nr N N106 290839;&nbsp;<em>Narcissism and social functioning: maximizing own gains and conditions of including other people\u2019s interests<\/em>, supervisor: prof. Andrzej Szmajke, executor: Anna Czarna<\/p>\n\n\n\n<p>Jun 2010 \u2013&nbsp;<strong>travel scholarship<\/strong>&nbsp;from The European Association of Personality Psychology (EAPP)<\/p>\n\n\n\n<p>Sept 2006 \u2013&nbsp;<strong>Best Poster Award from European Health Psychology Society<\/strong>; The 20<sup>th<\/sup>&nbsp;European Health Psychology Conference, 30 VIII \u2013 2 IX, Warsaw, Poland<\/p>\n\n\n\n<p><\/p>\n","protected":false},"excerpt":{"rendered":"<p>Nov 15th, 2025 \u2013&nbsp;the 3rd Degree Team Jagiellonian University Rector\u2019s Award&nbsp;for academic achievement in 2024 Oct 20th, 2025 \u2013 Bronze Medal for Long Service to&#8230;<\/p>\n","protected":false},"author":1,"featured_media":0,"parent":0,"menu_order":0,"comment_status":"closed","ping_status":"closed","template":"","meta":{"footnotes":""},"class_list":["post-19","page","type-page","status-publish","hentry"],"_links":{"self":[{"href":"https:\/\/www.annaczarna.pl\/index.php\/wp-json\/wp\/v2\/pages\/19","targetHints":{"allow":["GET"]}}],"collection":[{"href":"https:\/\/www.annaczarna.pl\/index.php\/wp-json\/wp\/v2\/pages"}],"about":[{"href":"https:\/\/www.annaczarna.pl\/index.php\/wp-json\/wp\/v2\/types\/page"}],"author":[{"embeddable":true,"href":"https:\/\/www.annaczarna.pl\/index.php\/wp-json\/wp\/v2\/users\/1"}],"replies":[{"embeddable":true,"href":"https:\/\/www.annaczarna.pl\/index.php\/wp-json\/wp\/v2\/comments?post=19"}],"version-history":[{"count":11,"href":"https:\/\/www.annaczarna.pl\/index.php\/wp-json\/wp\/v2\/pages\/19\/revisions"}],"predecessor-version":[{"id":312,"href":"https:\/\/www.annaczarna.pl\/index.php\/wp-json\/wp\/v2\/pages\/19\/revisions\/312"}],"wp:attachment":[{"href":"https:\/\/www.annaczarna.pl\/index.php\/wp-json\/wp\/v2\/media?parent=19"}],"curies":[{"name":"wp","href":"https:\/\/api.w.org\/{rel}","templated":true}]}}